{"id":377021,"date":"2022-04-01T09:24:05","date_gmt":"2022-04-01T09:24:05","guid":{"rendered":"https:\/\/cavashill.es\/vocacion-internacional\/"},"modified":"2022-07-20T07:19:43","modified_gmt":"2022-07-20T07:19:43","slug":"vocacion-internacional","status":"publish","type":"page","link":"https:\/\/cavashill.es\/es\/vocacion-internacional\/","title":{"rendered":"VOCACI\u00d3N INTERNACIONAL"},"content":{"rendered":"<p>[et_pb_section fb_built=\u00bb1&#8243; _builder_version=\u00bb4.14.4&#8243; _module_preset=\u00bbdefault\u00bb custom_padding=\u00bb0px||3px|||\u00bb global_colors_info=\u00bb{}\u00bb][et_pb_row _builder_version=\u00bb4.14.4&#8243; _module_preset=\u00bbdefault\u00bb background_position=\u00bbtop_right\u00bb background_repeat=\u00bbrepeat\u00bb width=\u00bb100%\u00bb max_width=\u00bb100%\u00bb custom_padding=\u00bb16vh||0vh||false|false\u00bb hover_enabled=\u00bb0&#8243; global_colors_info=\u00bb{}\u00bb background_enable_image=\u00bboff\u00bb sticky_enabled=\u00bb0&#8243;][et_pb_column type=\u00bb4_4&#8243; _builder_version=\u00bb4.14.4&#8243; _module_preset=\u00bbdefault\u00bb global_colors_info=\u00bb{}\u00bb][\/et_pb_column][\/et_pb_row][\/et_pb_section][et_pb_section fb_built=\u00bb1&#8243; _builder_version=\u00bb4.14.4&#8243; _module_preset=\u00bbdefault\u00bb custom_padding=\u00bb30px||30px||false|false\u00bb global_colors_info=\u00bb{}\u00bb][et_pb_row column_structure=\u00bb1_2,1_2&#8243; _builder_version=\u00bb4.14.4&#8243; _module_preset=\u00bbdefault\u00bb max_width=\u00bb80%\u00bb custom_padding=\u00bb0px|||||\u00bb global_colors_info=\u00bb{}\u00bb][et_pb_column type=\u00bb1_2&#8243; _builder_version=\u00bb4.14.4&#8243; _module_preset=\u00bbdefault\u00bb global_colors_info=\u00bb{}\u00bb][et_pb_text _builder_version=\u00bb4.14.4&#8243; _module_preset=\u00bbdefault\u00bb text_font=\u00bb|300||on|||||\u00bb header_font=\u00bbPoppins|300||on|||||\u00bb header_text_color=\u00bb#000000&#8243; header_font_size=\u00bb6vh\u00bb positioning=\u00bbrelative\u00bb position_origin_a=\u00bbcenter_left\u00bb module_alignment=\u00bbcenter\u00bb custom_margin=\u00bb||0px||false|false\u00bb custom_padding=\u00bb|2%|0px|5%|false|false\u00bb global_colors_info=\u00bb{}\u00bb]<\/p>\n<h1 style=\"text-align: center;\">Vocaci\u00f3n Internacional<\/h1>\n<p>[\/et_pb_text][et_pb_text _builder_version=\u00bb4.14.4&#8243; _module_preset=\u00bbdefault\u00bb text_font=\u00bb|300|||||||\u00bb text_text_color=\u00bb#000000&#8243; text_font_size=\u00bb16px\u00bb global_colors_info=\u00bb{}\u00bb]<\/p>\n<p style=\"text-align: justify;\"><span style=\"font-size: medium;\">Desde siempre hemos tenido una clara vocaci\u00f3n internacional. El gesto de importar el m\u00e9todo de elaboraci\u00f3n franc\u00e9s para introducir la segunda fermentaci\u00f3n en botella en los vinos de la finca a principios del s.XX es el embri\u00f3n de una voluntad global. Ya en el primer momento, hemos exportado nuestros vinos a todo el mundo, conservando tambi\u00e9n un importante mercado en Catalu\u00f1a y en el resto del Estado espa\u00f1ol.   <\/span><\/p>\n<p style=\"text-align: justify;\"><span style=\"font-size: medium;\">Actualmente distribuimos nuestros productos a un centenar de pa\u00edses de todo el mundo. Nos encontrar\u00e9is en Alemania, Gran Breta\u00f1a, B\u00e9lgica, Holanda, Noruega, Estonia, Letonia, Polonia, Finlandia, Rusia, Jap\u00f3n, China, Estados Unidos, Canad\u00e1 y M\u00e9xico entre otros. \u00a1Y nuestro objetivo es seguir creciendo para dar a conocer nuestros vinos y cavas en todo el mundo!  <\/span><\/p>\n<p>[\/et_pb_text][\/et_pb_column][et_pb_column type=\u00bb1_2&#8243; _builder_version=\u00bb4.14.4&#8243; _module_preset=\u00bbdefault\u00bb global_colors_info=\u00bb{}\u00bb][et_pb_image src=\u00bbhttps:\/\/cavashill.es\/wp-content\/uploads\/2022\/03\/mapa.jpg\u00bb _builder_version=\u00bb4.14.4&#8243; _module_preset=\u00bbdefault\u00bb global_colors_info=\u00bb{}\u00bb][\/et_pb_image][\/et_pb_column][\/et_pb_row][\/et_pb_section]<\/p>\n","protected":false},"excerpt":{"rendered":"<p>Vocaci\u00f3n InternacionalDesde siempre hemos tenido una clara vocaci\u00f3n internacional. El gesto de importar el m\u00e9todo de elaboraci\u00f3n franc\u00e9s para introducir la segunda fermentaci\u00f3n en botella en los vinos de la finca a principios del s.XX es el embri\u00f3n de una voluntad global. Ya en el primer momento, hemos exportado nuestros vinos a todo el mundo, [&hellip;]<\/p>\n","protected":false},"author":1,"featured_media":0,"parent":0,"menu_order":0,"comment_status":"closed","ping_status":"closed","template":"","meta":{"_acf_changed":false,"_et_pb_use_builder":"on","_et_pb_old_content":"","_et_gb_content_width":"","footnotes":""},"class_list":["post-377021","page","type-page","status-publish","hentry"],"acf":[],"yoast_head":"<!-- This site is optimized with the Yoast SEO plugin v27.5 - https:\/\/yoast.com\/product\/yoast-seo-wordpress\/ -->\n<title>VOCACI\u00d3N INTERNACIONAL - Cavas Hill<\/title>\n<meta name=\"robots\" content=\"index, follow, max-snippet:-1, max-image-preview:large, max-video-preview:-1\" \/>\n<link rel=\"canonical\" href=\"https:\/\/cavashill.es\/vocacio-internacional\/\" \/>\n<meta property=\"og:locale\" content=\"es_ES\" \/>\n<meta property=\"og:type\" content=\"article\" \/>\n<meta property=\"og:title\" content=\"VOCACI\u00d3N INTERNACIONAL - Cavas Hill\" \/>\n<meta property=\"og:description\" content=\"Vocaci\u00f3n InternacionalDesde siempre hemos tenido una clara vocaci\u00f3n internacional. El gesto de importar el m\u00e9todo de elaboraci\u00f3n franc\u00e9s para introducir la segunda fermentaci\u00f3n en botella en los vinos de la finca a principios del s.XX es el embri\u00f3n de una voluntad global. Ya en el primer momento, hemos exportado nuestros vinos a todo el mundo, [&hellip;]\" \/>\n<meta property=\"og:url\" content=\"https:\/\/cavashill.es\/vocacio-internacional\/\" \/>\n<meta property=\"og:site_name\" content=\"Cavas Hill\" \/>\n<meta property=\"article:modified_time\" content=\"2022-07-20T07:19:43+00:00\" \/>\n<meta name=\"twitter:card\" content=\"summary_large_image\" \/>\n<meta name=\"twitter:label1\" content=\"Tiempo de lectura\" \/>\n\t<meta name=\"twitter:data1\" content=\"2 minutos\" \/>\n<script type=\"application\/ld+json\" class=\"yoast-schema-graph\">{\"@context\":\"https:\\\/\\\/schema.org\",\"@graph\":[{\"@type\":\"WebPage\",\"@id\":\"https:\\\/\\\/cavashill.es\\\/vocacio-internacional\\\/\",\"url\":\"https:\\\/\\\/cavashill.es\\\/vocacio-internacional\\\/\",\"name\":\"VOCACI\u00d3N INTERNACIONAL - Cavas Hill\",\"isPartOf\":{\"@id\":\"https:\\\/\\\/cavashill.es\\\/#website\"},\"datePublished\":\"2022-04-01T09:24:05+00:00\",\"dateModified\":\"2022-07-20T07:19:43+00:00\",\"breadcrumb\":{\"@id\":\"https:\\\/\\\/cavashill.es\\\/vocacio-internacional\\\/#breadcrumb\"},\"inLanguage\":\"es\",\"potentialAction\":[{\"@type\":\"ReadAction\",\"target\":[\"https:\\\/\\\/cavashill.es\\\/vocacio-internacional\\\/\"]}]},{\"@type\":\"BreadcrumbList\",\"@id\":\"https:\\\/\\\/cavashill.es\\\/vocacio-internacional\\\/#breadcrumb\",\"itemListElement\":[{\"@type\":\"ListItem\",\"position\":1,\"name\":\"Inici\",\"item\":\"https:\\\/\\\/cavashill.es\\\/\"},{\"@type\":\"ListItem\",\"position\":2,\"name\":\"VOCACI\u00d3N INTERNACIONAL\"}]},{\"@type\":\"WebSite\",\"@id\":\"https:\\\/\\\/cavashill.es\\\/#website\",\"url\":\"https:\\\/\\\/cavashill.es\\\/\",\"name\":\"Cavas Hill\",\"description\":\"Bodega de Caves i vins\",\"potentialAction\":[{\"@type\":\"SearchAction\",\"target\":{\"@type\":\"EntryPoint\",\"urlTemplate\":\"https:\\\/\\\/cavashill.es\\\/?s={search_term_string}\"},\"query-input\":{\"@type\":\"PropertyValueSpecification\",\"valueRequired\":true,\"valueName\":\"search_term_string\"}}],\"inLanguage\":\"es\"}]}<\/script>\n<!-- \/ Yoast SEO plugin. -->","yoast_head_json":{"title":"VOCACI\u00d3N INTERNACIONAL - Cavas Hill","robots":{"index":"index","follow":"follow","max-snippet":"max-snippet:-1","max-image-preview":"max-image-preview:large","max-video-preview":"max-video-preview:-1"},"canonical":"https:\/\/cavashill.es\/vocacio-internacional\/","og_locale":"es_ES","og_type":"article","og_title":"VOCACI\u00d3N INTERNACIONAL - Cavas Hill","og_description":"Vocaci\u00f3n InternacionalDesde siempre hemos tenido una clara vocaci\u00f3n internacional. El gesto de importar el m\u00e9todo de elaboraci\u00f3n franc\u00e9s para introducir la segunda fermentaci\u00f3n en botella en los vinos de la finca a principios del s.XX es el embri\u00f3n de una voluntad global. Ya en el primer momento, hemos exportado nuestros vinos a todo el mundo, [&hellip;]","og_url":"https:\/\/cavashill.es\/vocacio-internacional\/","og_site_name":"Cavas Hill","article_modified_time":"2022-07-20T07:19:43+00:00","twitter_card":"summary_large_image","twitter_misc":{"Tiempo de lectura":"2 minutos"},"schema":{"@context":"https:\/\/schema.org","@graph":[{"@type":"WebPage","@id":"https:\/\/cavashill.es\/vocacio-internacional\/","url":"https:\/\/cavashill.es\/vocacio-internacional\/","name":"VOCACI\u00d3N INTERNACIONAL - Cavas Hill","isPartOf":{"@id":"https:\/\/cavashill.es\/#website"},"datePublished":"2022-04-01T09:24:05+00:00","dateModified":"2022-07-20T07:19:43+00:00","breadcrumb":{"@id":"https:\/\/cavashill.es\/vocacio-internacional\/#breadcrumb"},"inLanguage":"es","potentialAction":[{"@type":"ReadAction","target":["https:\/\/cavashill.es\/vocacio-internacional\/"]}]},{"@type":"BreadcrumbList","@id":"https:\/\/cavashill.es\/vocacio-internacional\/#breadcrumb","itemListElement":[{"@type":"ListItem","position":1,"name":"Inici","item":"https:\/\/cavashill.es\/"},{"@type":"ListItem","position":2,"name":"VOCACI\u00d3N INTERNACIONAL"}]},{"@type":"WebSite","@id":"https:\/\/cavashill.es\/#website","url":"https:\/\/cavashill.es\/","name":"Cavas Hill","description":"Bodega de Caves i vins","potentialAction":[{"@type":"SearchAction","target":{"@type":"EntryPoint","urlTemplate":"https:\/\/cavashill.es\/?s={search_term_string}"},"query-input":{"@type":"PropertyValueSpecification","valueRequired":true,"valueName":"search_term_string"}}],"inLanguage":"es"}]}},"_links":{"self":[{"href":"https:\/\/cavashill.es\/es\/wp-json\/wp\/v2\/pages\/377021","targetHints":{"allow":["GET"]}}],"collection":[{"href":"https:\/\/cavashill.es\/es\/wp-json\/wp\/v2\/pages"}],"about":[{"href":"https:\/\/cavashill.es\/es\/wp-json\/wp\/v2\/types\/page"}],"author":[{"embeddable":true,"href":"https:\/\/cavashill.es\/es\/wp-json\/wp\/v2\/users\/1"}],"replies":[{"embeddable":true,"href":"https:\/\/cavashill.es\/es\/wp-json\/wp\/v2\/comments?post=377021"}],"version-history":[{"count":4,"href":"https:\/\/cavashill.es\/es\/wp-json\/wp\/v2\/pages\/377021\/revisions"}],"predecessor-version":[{"id":378053,"href":"https:\/\/cavashill.es\/es\/wp-json\/wp\/v2\/pages\/377021\/revisions\/378053"}],"wp:attachment":[{"href":"https:\/\/cavashill.es\/es\/wp-json\/wp\/v2\/media?parent=377021"}],"curies":[{"name":"wp","href":"https:\/\/api.w.org\/{rel}","templated":true}]}}