{"id":377030,"date":"2022-05-12T09:26:59","date_gmt":"2022-05-12T09:26:59","guid":{"rendered":"https:\/\/cavashill.es\/sobre-nosotros\/"},"modified":"2022-07-21T11:21:49","modified_gmt":"2022-07-21T11:21:49","slug":"sobre-nosotros","status":"publish","type":"page","link":"https:\/\/cavashill.es\/es\/sobre-nosotros\/","title":{"rendered":"Sobre nosotros"},"content":{"rendered":"<p>[et_pb_section fb_built=\u00bb1&#8243; _builder_version=\u00bb4.14.4&#8243; _module_preset=\u00bbdefault\u00bb custom_padding=\u00bb0px||3px|||\u00bb global_colors_info=\u00bb{}\u00bb][et_pb_row _builder_version=\u00bb4.14.4&#8243; _module_preset=\u00bbdefault\u00bb background_enable_image=\u00bboff\u00bb background_position=\u00bbtop_right\u00bb background_repeat=\u00bbrepeat\u00bb width=\u00bb100%\u00bb max_width=\u00bb100%\u00bb custom_padding=\u00bb16vh||0vh||false|false\u00bb global_colors_info=\u00bb{}\u00bb][et_pb_column type=\u00bb4_4&#8243; _builder_version=\u00bb4.14.4&#8243; _module_preset=\u00bbdefault\u00bb global_colors_info=\u00bb{}\u00bb][\/et_pb_column][\/et_pb_row][\/et_pb_section][et_pb_section fb_built=\u00bb1&#8243; _builder_version=\u00bb4.14.4&#8243; _module_preset=\u00bbdefault\u00bb custom_padding=\u00bb30px||30px||false|false\u00bb global_colors_info=\u00bb{}\u00bb][et_pb_row use_custom_gutter=\u00bbon\u00bb gutter_width=\u00bb2&#8243; _builder_version=\u00bb4.14.4&#8243; _module_preset=\u00bbdefault\u00bb width=\u00bb100%\u00bb max_width=\u00bb100%\u00bb global_colors_info=\u00bb{}\u00bb][et_pb_column type=\u00bb4_4&#8243; _builder_version=\u00bb4.14.4&#8243; _module_preset=\u00bbdefault\u00bb global_colors_info=\u00bb{}\u00bb][et_pb_text _builder_version=\u00bb4.14.4&#8243; _module_preset=\u00bbdefault\u00bb text_font=\u00bb|300|||||||\u00bb header_font=\u00bbPoppins|300||on|||||\u00bb header_text_color=\u00bb#000000&#8243; header_font_size=\u00bb6vh\u00bb positioning=\u00bbrelative\u00bb position_origin_a=\u00bbcenter_left\u00bb module_alignment=\u00bbcenter\u00bb custom_margin=\u00bb||0px||false|false\u00bb custom_padding=\u00bb|2%|0px|5%|false|false\u00bb global_colors_info=\u00bb{}\u00bb]<\/p>\n<h1 style=\"text-align: center;\">EL ARTE DE DISFRUTAR LA VIDA<\/h1>\n<p>[\/et_pb_text][et_pb_text _builder_version=\u00bb4.14.4&#8243; _module_preset=\u00bbdefault\u00bb header_2_font=\u00bb|300||on|||||\u00bb header_2_font_size=\u00bb18px\u00bb custom_margin=\u00bb||10px|||\u00bb global_colors_info=\u00bb{}\u00bb]<\/p>\n<h2 style=\"text-align: center;\">SOMOS UN HOMENAJE A NUESTRA TIERRA, A BARCELONA, AL MODERNISMO DE GAUD\u00cd Y AL ARTE DE DISFRUTAR LA VIDA, DE COMPARTIR Y CELEBRAR<\/h2>\n<p>[\/et_pb_text][\/et_pb_column][\/et_pb_row][et_pb_row _builder_version=\u00bb4.14.4&#8243; _module_preset=\u00bbdefault\u00bb global_colors_info=\u00bb{}\u00bb][et_pb_column type=\u00bb4_4&#8243; _builder_version=\u00bb4.14.4&#8243; _module_preset=\u00bbdefault\u00bb global_colors_info=\u00bb{}\u00bb][et_pb_video src=\u00bbhttps:\/\/cavashill.es\/wp-content\/uploads\/2022\/07\/Presentacion-Cavas-Hill_CAST-Compressed-with-FlexClip.mp4&#8243; image_src=\u00bbhttps:\/\/cavashill.es\/wp-content\/uploads\/2022\/05\/9017_220420_1038-scaled.jpg\u00bb _builder_version=\u00bb4.14.4&#8243; _module_preset=\u00bbdefault\u00bb hover_enabled=\u00bb0&#8243; global_colors_info=\u00bb{}\u00bb title_text=\u00bbPresentaci\u00f3n Cavas Hill_CAST &#8211; Compressed with FlexClip\u00bb sticky_enabled=\u00bb0&#8243;][\/et_pb_video][\/et_pb_column][\/et_pb_row][et_pb_row column_structure=\u00bb3_5,2_5&#8243; make_equal=\u00bbon\u00bb _builder_version=\u00bb4.14.4&#8243; _module_preset=\u00bbdefault\u00bb global_colors_info=\u00bb{}\u00bb][et_pb_column type=\u00bb3_5&#8243; _builder_version=\u00bb4.14.4&#8243; _module_preset=\u00bbdefault\u00bb global_colors_info=\u00bb{}\u00bb][et_pb_cta title=\u00bbNOS INSPIRA LA NATURALEZA\u00bb admin_label=\u00bbTour Timeline &#8211; Diana &#8211; Pre-project\u00bb _builder_version=\u00bb4.14.4&#8243; header_font=\u00bb|||on|||||\u00bb header_text_color=\u00bb#000000&#8243; header_font_size=\u00bb28px\u00bb header_line_height=\u00bb120%\u00bb body_font=\u00bbRoboto||||||||\u00bb body_text_color=\u00bb#a6a6a6&#8243; body_font_size=\u00bb16px\u00bb body_line_height=\u00bb180%\u00bb use_background_color=\u00bboff\u00bb text_orientation=\u00bbleft\u00bb custom_margin=\u00bb||6px\u00bb header_font_size_tablet=\u00bb26px\u00bb header_font_size_phone=\u00bb22px\u00bb header_font_size_last_edited=\u00bbon|phone\u00bb custom_css_promo_description=\u00bbfont-weight: 400 !important;||padding-bottom: 0 !important;\u00bb custom_css_promo_title=\u00bbfont-weight: 400 !important;||padding-bottom: 0 !important;\u00bb locked=\u00bboff\u00bb global_colors_info=\u00bb{}\u00bb][\/et_pb_cta][et_pb_cta admin_label=\u00bbTour Timeline &#8211; Diana &#8211; What is it worth?\u00bb _builder_version=\u00bb4.14.4&#8243; header_font=\u00bb|300|||||||\u00bb header_text_color=\u00bb#33373a\u00bb header_font_size=\u00bb24px\u00bb header_line_height=\u00bb120%\u00bb body_font=\u00bb||||||||\u00bb body_text_color=\u00bb#000000&#8243; body_font_size=\u00bb16px\u00bb body_line_height=\u00bb180%\u00bb use_background_color=\u00bboff\u00bb text_orientation=\u00bbleft\u00bb header_font_size_tablet=\u00bb22px\u00bb header_font_size_phone=\u00bb20px\u00bb header_font_size_last_edited=\u00bbon|phone\u00bb custom_css_promo_description=\u00bbfont-weight: 400 !important;\u00bb custom_css_promo_title=\u00bbfont-weight: 400 !important;||padding-bottom: 19px;\u00bb locked=\u00bboff\u00bb global_colors_info=\u00bb{}\u00bb]<\/p>\n<p style=\"text-align: justify;\">La naturaleza es la expresi\u00f3n m\u00e1s cl\u00e1sica y contempor\u00e1nea que existe. Porque en ella habita todo nuestro legado, nuestro presente y nuestro futuro. Las curvas. Las texturas. Los colores. Por eso, en Cavas Hill nos servimos de la naturaleza para explicar todo lo que somos y hemos sido. Todo lo que hemos hecho y lo que vendr\u00e1.      <\/p>\n<p style=\"text-align: justify;\">Elaboramos cavas y vinos de alta calidad que expresan las condiciones extraordinarias de nuestra tierra. Estamos centrados en la calidad, no en la cantidad. Por eso, colaboramos con peque\u00f1os productores que garantizan la excelencia constante de la uva; cumplimos los m\u00e1ximos est\u00e1ndares de calidad durante todo el proceso de elaboraci\u00f3n; trabajamos con producciones limitadas y mantenemos un gran respeto por la tradici\u00f3n y por honrar nuestra historia centenaria.  <\/p>\n<p>[\/et_pb_cta][\/et_pb_column][et_pb_column type=\u00bb2_5&#8243; _builder_version=\u00bb4.14.4&#8243; _module_preset=\u00bbdefault\u00bb custom_css_main_element=\u00bbdisplay: flex;||flex-direction: column;||justify-content: center;\u00bb global_colors_info=\u00bb{}\u00bb][et_pb_image src=\u00bbhttps:\/\/cavashill.es\/wp-content\/uploads\/2022\/05\/9017_220420_0443-scaled.jpg\u00bb title_text=\u00bb9017_220420_0443&#8243; show_in_lightbox=\u00bbon\u00bb _builder_version=\u00bb4.14.4&#8243; _module_preset=\u00bbdefault\u00bb global_colors_info=\u00bb{}\u00bb][\/et_pb_image][\/et_pb_column][\/et_pb_row][et_pb_row column_structure=\u00bb3_5,2_5&#8243; make_equal=\u00bbon\u00bb _builder_version=\u00bb4.14.4&#8243; _module_preset=\u00bbdefault\u00bb global_colors_info=\u00bb{}\u00bb][et_pb_column type=\u00bb3_5&#8243; _builder_version=\u00bb4.14.4&#8243; _module_preset=\u00bbdefault\u00bb global_colors_info=\u00bb{}\u00bb][et_pb_cta title=\u00bbSUMAMOS PARA CRECER\u00bb admin_label=\u00bbTour Timeline &#8211; Diana &#8211; Pre-project\u00bb _builder_version=\u00bb4.14.4&#8243; header_font=\u00bb|||on|||||\u00bb header_text_color=\u00bb#000000&#8243; header_font_size=\u00bb28px\u00bb header_line_height=\u00bb120%\u00bb body_font=\u00bbRoboto||||||||\u00bb body_text_color=\u00bb#a6a6a6&#8243; body_font_size=\u00bb16px\u00bb body_line_height=\u00bb180%\u00bb use_background_color=\u00bboff\u00bb text_orientation=\u00bbleft\u00bb custom_margin=\u00bb||6px\u00bb header_font_size_tablet=\u00bb26px\u00bb header_font_size_phone=\u00bb22px\u00bb header_font_size_last_edited=\u00bbon|phone\u00bb custom_css_promo_description=\u00bbfont-weight: 400 !important;||padding-bottom: 0 !important;\u00bb custom_css_promo_title=\u00bbfont-weight: 400 !important;||padding-bottom: 0 !important;\u00bb locked=\u00bboff\u00bb global_colors_info=\u00bb{}\u00bb][\/et_pb_cta][et_pb_cta admin_label=\u00bbTour Timeline &#8211; Diana &#8211; What is it worth?\u00bb _builder_version=\u00bb4.14.4&#8243; header_font=\u00bb|300|||||||\u00bb header_text_color=\u00bb#33373a\u00bb header_font_size=\u00bb24px\u00bb header_line_height=\u00bb120%\u00bb body_font=\u00bb||||||||\u00bb body_text_color=\u00bb#000000&#8243; body_font_size=\u00bb16px\u00bb body_line_height=\u00bb180%\u00bb use_background_color=\u00bboff\u00bb text_orientation=\u00bbleft\u00bb header_font_size_tablet=\u00bb22px\u00bb header_font_size_phone=\u00bb20px\u00bb header_font_size_last_edited=\u00bbon|phone\u00bb custom_css_promo_description=\u00bbfont-weight: 400 !important;\u00bb custom_css_promo_title=\u00bbfont-weight: 400 !important;||padding-bottom: 19px;\u00bb locked=\u00bboff\u00bb global_colors_info=\u00bb{}\u00bb]<\/p>\n<p style=\"text-align: justify;\">Desde el a\u00f1o 2021 encabezamos el grupo <a href=\"http:\/\/www.ferrerwines.com\" target=\"_blank\" rel=\"noopener\">FERRER WINES<\/a>, un proyecto impulsado por varios miembros de familia Ferrer continuando con una tradici\u00f3n ligada al mundo del vino desde 1861. El grupo ofrece un excelente cat\u00e1logo de productos de bodegas emblem\u00e1ticas de las mejores zonas vin\u00edcolas del mundo como La Rioja, Ribera del Duero, R\u00edas Baixas, Priorat, Champagne, Argentina, California, Burdeos y, evidentemente, el Pened\u00e8s.<\/p>\n<p style=\"text-align: justify;\">En Cavas Hill estamos orgullosos de ser el buque insignia y sede social de este grupo creado con la voluntad de aglutinar bodegas de todo el mundo y de ofrecer a los consumidores vinos que expresen fielmente las caracter\u00edsticas y la tradici\u00f3n de su zona. Y es que pensamos que para crecer y evolucionar hace falta que sumemos. <\/p>\n<p>[\/et_pb_cta][\/et_pb_column][et_pb_column type=\u00bb2_5&#8243; _builder_version=\u00bb4.14.4&#8243; _module_preset=\u00bbdefault\u00bb custom_css_main_element=\u00bbdisplay: flex;||flex-direction: column;||justify-content: center;\u00bb global_colors_info=\u00bb{}\u00bb][et_pb_image src=\u00bbhttps:\/\/cavashill.es\/wp-content\/uploads\/2022\/06\/9017_220420_0196-scaled.jpg\u00bb title_text=\u00bb9017_220420_0196&#8243; show_in_lightbox=\u00bbon\u00bb _builder_version=\u00bb4.14.4&#8243; _module_preset=\u00bbdefault\u00bb background_color=\u00bb#333333&#8243; global_colors_info=\u00bb{}\u00bb][\/et_pb_image][\/et_pb_column][\/et_pb_row][\/et_pb_section]<\/p>\n","protected":false},"excerpt":{"rendered":"<p>EL ARTE DE DISFRUTAR LA VIDASOMOS UN HOMENAJE A NUESTRA TIERRA, A BARCELONA, AL MODERNISMO DE GAUD\u00cd Y AL ARTE DE DISFRUTAR LA VIDA, DE COMPARTIR Y CELEBRARLa naturaleza es la expresi\u00f3n m\u00e1s cl\u00e1sica y contempor\u00e1nea que existe. Porque en ella habita todo nuestro legado, nuestro presente y nuestro futuro. Las curvas. Las texturas. Los [&hellip;]<\/p>\n","protected":false},"author":1,"featured_media":0,"parent":0,"menu_order":0,"comment_status":"closed","ping_status":"closed","template":"","meta":{"_acf_changed":false,"_et_pb_use_builder":"on","_et_pb_old_content":"","_et_gb_content_width":"","footnotes":""},"class_list":["post-377030","page","type-page","status-publish","hentry"],"acf":[],"yoast_head":"<!-- This site is optimized with the Yoast SEO plugin v26.7 - https:\/\/yoast.com\/wordpress\/plugins\/seo\/ -->\n<title>Sobre nosotros - Cavas Hill<\/title>\n<meta name=\"robots\" content=\"index, follow, max-snippet:-1, max-image-preview:large, max-video-preview:-1\" \/>\n<link rel=\"canonical\" href=\"https:\/\/cavashill.es\/qui-som\/\" \/>\n<meta property=\"og:locale\" content=\"es_ES\" \/>\n<meta property=\"og:type\" content=\"article\" \/>\n<meta property=\"og:title\" content=\"Sobre nosotros - Cavas Hill\" \/>\n<meta property=\"og:description\" content=\"EL ARTE DE DISFRUTAR LA VIDASOMOS UN HOMENAJE A NUESTRA TIERRA, A BARCELONA, AL MODERNISMO DE GAUD\u00cd Y AL ARTE DE DISFRUTAR LA VIDA, DE COMPARTIR Y CELEBRARLa naturaleza es la expresi\u00f3n m\u00e1s cl\u00e1sica y contempor\u00e1nea que existe. Porque en ella habita todo nuestro legado, nuestro presente y nuestro futuro. Las curvas. Las texturas. Los [&hellip;]\" \/>\n<meta property=\"og:url\" content=\"https:\/\/cavashill.es\/qui-som\/\" \/>\n<meta property=\"og:site_name\" content=\"Cavas Hill\" \/>\n<meta property=\"article:modified_time\" content=\"2022-07-21T11:21:49+00:00\" \/>\n<meta name=\"twitter:card\" content=\"summary_large_image\" \/>\n<meta name=\"twitter:label1\" content=\"Tiempo de lectura\" \/>\n\t<meta name=\"twitter:data1\" content=\"6 minutos\" \/>\n<script type=\"application\/ld+json\" class=\"yoast-schema-graph\">{\"@context\":\"https:\/\/schema.org\",\"@graph\":[{\"@type\":\"WebPage\",\"@id\":\"https:\/\/cavashill.es\/qui-som\/\",\"url\":\"https:\/\/cavashill.es\/qui-som\/\",\"name\":\"Sobre nosotros - Cavas Hill\",\"isPartOf\":{\"@id\":\"https:\/\/cavashill.es\/#website\"},\"datePublished\":\"2022-05-12T09:26:59+00:00\",\"dateModified\":\"2022-07-21T11:21:49+00:00\",\"breadcrumb\":{\"@id\":\"https:\/\/cavashill.es\/qui-som\/#breadcrumb\"},\"inLanguage\":\"es\",\"potentialAction\":[{\"@type\":\"ReadAction\",\"target\":[\"https:\/\/cavashill.es\/qui-som\/\"]}]},{\"@type\":\"BreadcrumbList\",\"@id\":\"https:\/\/cavashill.es\/qui-som\/#breadcrumb\",\"itemListElement\":[{\"@type\":\"ListItem\",\"position\":1,\"name\":\"Inici\",\"item\":\"https:\/\/cavashill.es\/\"},{\"@type\":\"ListItem\",\"position\":2,\"name\":\"Sobre nosotros\"}]},{\"@type\":\"WebSite\",\"@id\":\"https:\/\/cavashill.es\/#website\",\"url\":\"https:\/\/cavashill.es\/\",\"name\":\"Cavas Hill\",\"description\":\"Bodega de Caves i vins\",\"potentialAction\":[{\"@type\":\"SearchAction\",\"target\":{\"@type\":\"EntryPoint\",\"urlTemplate\":\"https:\/\/cavashill.es\/?s={search_term_string}\"},\"query-input\":{\"@type\":\"PropertyValueSpecification\",\"valueRequired\":true,\"valueName\":\"search_term_string\"}}],\"inLanguage\":\"es\"}]}<\/script>\n<!-- \/ Yoast SEO plugin. -->","yoast_head_json":{"title":"Sobre nosotros - Cavas Hill","robots":{"index":"index","follow":"follow","max-snippet":"max-snippet:-1","max-image-preview":"max-image-preview:large","max-video-preview":"max-video-preview:-1"},"canonical":"https:\/\/cavashill.es\/qui-som\/","og_locale":"es_ES","og_type":"article","og_title":"Sobre nosotros - Cavas Hill","og_description":"EL ARTE DE DISFRUTAR LA VIDASOMOS UN HOMENAJE A NUESTRA TIERRA, A BARCELONA, AL MODERNISMO DE GAUD\u00cd Y AL ARTE DE DISFRUTAR LA VIDA, DE COMPARTIR Y CELEBRARLa naturaleza es la expresi\u00f3n m\u00e1s cl\u00e1sica y contempor\u00e1nea que existe. Porque en ella habita todo nuestro legado, nuestro presente y nuestro futuro. Las curvas. Las texturas. Los [&hellip;]","og_url":"https:\/\/cavashill.es\/qui-som\/","og_site_name":"Cavas Hill","article_modified_time":"2022-07-21T11:21:49+00:00","twitter_card":"summary_large_image","twitter_misc":{"Tiempo de lectura":"6 minutos"},"schema":{"@context":"https:\/\/schema.org","@graph":[{"@type":"WebPage","@id":"https:\/\/cavashill.es\/qui-som\/","url":"https:\/\/cavashill.es\/qui-som\/","name":"Sobre nosotros - Cavas Hill","isPartOf":{"@id":"https:\/\/cavashill.es\/#website"},"datePublished":"2022-05-12T09:26:59+00:00","dateModified":"2022-07-21T11:21:49+00:00","breadcrumb":{"@id":"https:\/\/cavashill.es\/qui-som\/#breadcrumb"},"inLanguage":"es","potentialAction":[{"@type":"ReadAction","target":["https:\/\/cavashill.es\/qui-som\/"]}]},{"@type":"BreadcrumbList","@id":"https:\/\/cavashill.es\/qui-som\/#breadcrumb","itemListElement":[{"@type":"ListItem","position":1,"name":"Inici","item":"https:\/\/cavashill.es\/"},{"@type":"ListItem","position":2,"name":"Sobre nosotros"}]},{"@type":"WebSite","@id":"https:\/\/cavashill.es\/#website","url":"https:\/\/cavashill.es\/","name":"Cavas Hill","description":"Bodega de Caves i vins","potentialAction":[{"@type":"SearchAction","target":{"@type":"EntryPoint","urlTemplate":"https:\/\/cavashill.es\/?s={search_term_string}"},"query-input":{"@type":"PropertyValueSpecification","valueRequired":true,"valueName":"search_term_string"}}],"inLanguage":"es"}]}},"_links":{"self":[{"href":"https:\/\/cavashill.es\/es\/wp-json\/wp\/v2\/pages\/377030","targetHints":{"allow":["GET"]}}],"collection":[{"href":"https:\/\/cavashill.es\/es\/wp-json\/wp\/v2\/pages"}],"about":[{"href":"https:\/\/cavashill.es\/es\/wp-json\/wp\/v2\/types\/page"}],"author":[{"embeddable":true,"href":"https:\/\/cavashill.es\/es\/wp-json\/wp\/v2\/users\/1"}],"replies":[{"embeddable":true,"href":"https:\/\/cavashill.es\/es\/wp-json\/wp\/v2\/comments?post=377030"}],"version-history":[{"count":4,"href":"https:\/\/cavashill.es\/es\/wp-json\/wp\/v2\/pages\/377030\/revisions"}],"predecessor-version":[{"id":378248,"href":"https:\/\/cavashill.es\/es\/wp-json\/wp\/v2\/pages\/377030\/revisions\/378248"}],"wp:attachment":[{"href":"https:\/\/cavashill.es\/es\/wp-json\/wp\/v2\/media?parent=377030"}],"curies":[{"name":"wp","href":"https:\/\/api.w.org\/{rel}","templated":true}]}}