{"id":377053,"date":"2022-06-02T11:36:19","date_gmt":"2022-06-02T11:36:19","guid":{"rendered":"https:\/\/cavashill.es\/nuestros-cavas\/"},"modified":"2024-07-16T08:55:59","modified_gmt":"2024-07-16T08:55:59","slug":"nuestros-cavas","status":"publish","type":"page","link":"https:\/\/cavashill.es\/es\/nuestros-cavas\/","title":{"rendered":"Nuestros cavas"},"content":{"rendered":"<p>[et_pb_section fb_built=\u00bb1&#8243; _builder_version=\u00bb4.16&#8243; _module_preset=\u00bbdefault\u00bb custom_padding=\u00bb0px||3px|||\u00bb global_colors_info=\u00bb{}\u00bb][et_pb_row _builder_version=\u00bb4.16&#8243; _module_preset=\u00bbdefault\u00bb background_enable_image=\u00bboff\u00bb width=\u00bb100%\u00bb max_width=\u00bb100%\u00bb custom_padding=\u00bb15vh||0vh||false|false\u00bb global_colors_info=\u00bb{}\u00bb][et_pb_column type=\u00bb4_4&#8243; _builder_version=\u00bb4.16&#8243; _module_preset=\u00bbdefault\u00bb global_colors_info=\u00bb{}\u00bb][\/et_pb_column][\/et_pb_row][\/et_pb_section][et_pb_section fb_built=\u00bb1&#8243; _builder_version=\u00bb4.16&#8243; _module_preset=\u00bbdefault\u00bb background_enable_color=\u00bboff\u00bb custom_padding=\u00bb40px||40px||true|\u00bb global_colors_info=\u00bb{}\u00bb][et_pb_row column_structure=\u00bb1_2,1_2&#8243; use_custom_gutter=\u00bbon\u00bb gutter_width=\u00bb1&#8243; _builder_version=\u00bb4.16&#8243; _module_preset=\u00bbdefault\u00bb width=\u00bb98%\u00bb max_width=\u00bb98%\u00bb animation_direction=\u00bbright\u00bb global_colors_info=\u00bb{}\u00bb][et_pb_column type=\u00bb1_2&#8243; _builder_version=\u00bb4.16&#8243; _module_preset=\u00bbdefault\u00bb global_colors_info=\u00bb{}\u00bb][et_pb_text _builder_version=\u00bb4.16&#8243; _module_preset=\u00bbdefault\u00bb text_font=\u00bb|||on|||||\u00bb header_font=\u00bbPoppins|200||on|||||\u00bb header_text_color=\u00bb#000000&#8243; header_font_size=\u00bb5vh\u00bb positioning=\u00bbrelative\u00bb position_origin_a=\u00bbcenter_left\u00bb module_alignment=\u00bbright\u00bb custom_margin=\u00bb||0px||false|false\u00bb custom_padding=\u00bb||0px|0%|false|false\u00bb global_colors_info=\u00bb{}\u00bb]<\/p>\n<h1 style=\"text-align: center;\">col\u00b7Lecci\u00f3 privada<\/h1>\n<p>[\/et_pb_text][\/et_pb_column][et_pb_column type=\u00bb1_2&#8243; _builder_version=\u00bb4.16&#8243; _module_preset=\u00bbdefault\u00bb global_colors_info=\u00bb{}\u00bb][et_pb_text _builder_version=\u00bb4.16&#8243; _module_preset=\u00bbdefault\u00bb text_font=\u00bb|300|||||||\u00bb text_text_color=\u00bb#000000&#8243; text_font_size=\u00bb16px\u00bb custom_margin=\u00bb|20px||20px|false|true\u00bb global_colors_info=\u00bb{}\u00bb]<\/p>\n<p style=\"text-align: justify;\">Un cava para coleccionistas que s\u00f3lo se elabora en a\u00f1adas calificadas como excelentes y en una edici\u00f3n limitada de 3.000 botellas. Como la gran alegr\u00eda que es, viene en caja de madera de tres botellas. <\/p>\n<p>[\/et_pb_text][\/et_pb_column][\/et_pb_row][et_pb_row column_structure=\u00bb1_4,1_4,1_2&#8243; _builder_version=\u00bb4.16&#8243; _module_preset=\u00bbdefault\u00bb width=\u00bb90%\u00bb max_width=\u00bb90%\u00bb global_colors_info=\u00bb{}\u00bb][et_pb_column type=\u00bb1_4&#8243; _builder_version=\u00bb4.16&#8243; _module_preset=\u00bbdefault\u00bb link_option_url=\u00bbhttps:\/\/cavashill.es\/es\/productes\/gran-reserva-brut-vintage-2017\/\u00bb global_colors_info=\u00bb{}\u00bb][et_pb_image src=\u00bbhttps:\/\/cavashill.es\/wp-content\/uploads\/2024\/07\/cava_hill_coleccio_privada_2020_bnature_mid_res.png\u00bb title_text=\u00bbcava_hill_coleccio_privada_2020_bnature_mid_res\u00bb url=\u00bbhttps:\/\/cavashill.es\/es\/productes\/gran-reserva-brut-vintage-2017\/\u00bb show_bottom_space=\u00bboff\u00bb _builder_version=\u00bb4.26.1&#8243; _module_preset=\u00bbdefault\u00bb global_colors_info=\u00bb{}\u00bb][\/et_pb_image][et_pb_text _builder_version=\u00bb4.16&#8243; _module_preset=\u00bbdefault\u00bb text_font=\u00bbPoppins|300|||||||\u00bb text_text_color=\u00bb#000000&#8243; text_font_size=\u00bb16px\u00bb custom_margin=\u00bb20px||||false|false\u00bb global_colors_info=\u00bb{}\u00bb]<\/p>\n<p style=\"text-align: center;\"><span>COL\u00b7LECCI\u00d3 PRIVADA<\/span><\/p>\n<p>[\/et_pb_text][\/et_pb_column][et_pb_column type=\u00bb1_4&#8243; _builder_version=\u00bb4.16&#8243; _module_preset=\u00bbdefault\u00bb global_colors_info=\u00bb{}\u00bb][et_pb_image src=\u00bbhttps:\/\/cavashill.es\/wp-content\/uploads\/2022\/03\/col_privada_amp.jpg\u00bb title_text=\u00bbCol\u00b7lecci\u00f3 Privada\u00bb _builder_version=\u00bb4.16&#8243; _module_preset=\u00bbdefault\u00bb global_colors_info=\u00bb{}\u00bb][\/et_pb_image][\/et_pb_column][et_pb_column type=\u00bb1_2&#8243; _builder_version=\u00bb4.16&#8243; _module_preset=\u00bbdefault\u00bb global_colors_info=\u00bb{}\u00bb][et_pb_video src=\u00bbhttps:\/\/cavashill.es\/wp-content\/uploads\/2022\/06\/caveshill_PRODUCCIO-h264_high3.mp4&#8243; image_src=\u00bbhttps:\/\/cavashill.es\/wp-content\/uploads\/2022\/07\/portada-elaboracion-1.jpg\u00bb _builder_version=\u00bb4.16&#8243; _module_preset=\u00bbdefault\u00bb global_colors_info=\u00bb{}\u00bb][\/et_pb_video][\/et_pb_column][\/et_pb_row][\/et_pb_section][et_pb_section fb_built=\u00bb1&#8243; _builder_version=\u00bb4.26.1&#8243; _module_preset=\u00bbdefault\u00bb background_color=\u00bb#f7f7f7&#8243; custom_padding=\u00bb40px||40px||true|\u00bb hover_enabled=\u00bb0&#8243; global_colors_info=\u00bb{}\u00bb sticky_enabled=\u00bb0&#8243;][et_pb_row column_structure=\u00bb1_3,2_3&#8243; use_custom_gutter=\u00bbon\u00bb gutter_width=\u00bb2&#8243; _builder_version=\u00bb4.16&#8243; _module_preset=\u00bbdefault\u00bb width=\u00bb90%\u00bb max_width=\u00bb90%\u00bb global_colors_info=\u00bb{}\u00bb][et_pb_column type=\u00bb1_3&#8243; _builder_version=\u00bb4.16&#8243; _module_preset=\u00bbdefault\u00bb global_colors_info=\u00bb{}\u00bb][et_pb_text _builder_version=\u00bb4.16&#8243; _module_preset=\u00bbdefault\u00bb header_font=\u00bbPoppins|200||on|||||\u00bb header_text_color=\u00bb#000000&#8243; header_font_size=\u00bb5vh\u00bb positioning=\u00bbrelative\u00bb position_origin_a=\u00bbcenter_left\u00bb module_alignment=\u00bbright\u00bb custom_margin=\u00bb||0px||false|false\u00bb custom_padding=\u00bb||0px|0%|false|false\u00bb global_colors_info=\u00bb{}\u00bb]<\/p>\n<h1 style=\"text-align: center;\">LOS MODERNISTAS<\/h1>\n<h1 style=\"text-align: center;\">PANOT GAUD\u00cd<\/h1>\n<p>[\/et_pb_text][\/et_pb_column][et_pb_column type=\u00bb2_3&#8243; _builder_version=\u00bb4.16&#8243; _module_preset=\u00bbdefault\u00bb global_colors_info=\u00bb{}\u00bb][et_pb_text _builder_version=\u00bb4.16&#8243; _module_preset=\u00bbdefault\u00bb text_font=\u00bb|300|||||||\u00bb text_text_color=\u00bb#000000&#8243; text_font_size=\u00bb16px\u00bb custom_margin=\u00bb|20px||20px|false|true\u00bb global_colors_info=\u00bb{}\u00bb]<\/p>\n<p style=\"text-align: justify;\">La Sala Panot es la bodega originaria de Cavas Hill. Tiene el suelo vestido con una r\u00e9plica de una de las piezas de construcci\u00f3n m\u00e1s populares de Antoni Gaud\u00ed, los panot, que dan nombre a este emblem\u00e1tico espacio y que tambi\u00e9n revisten el Paseo de Gracia de Barcelona. Los Panot Gaud\u00ed son nuestro homenaje al Modernismo, momento vital de nuestra historia, y al genial arquitecto.<\/p>\n<p>[\/et_pb_text][\/et_pb_column][\/et_pb_row][et_pb_row column_structure=\u00bb1_4,1_4,1_4,1_4&#8243; _builder_version=\u00bb4.16&#8243; _module_preset=\u00bbdefault\u00bb width=\u00bb90%\u00bb max_width=\u00bb90%\u00bb global_colors_info=\u00bb{}\u00bb][et_pb_column type=\u00bb1_4&#8243; _builder_version=\u00bb4.16&#8243; _module_preset=\u00bbdefault\u00bb link_option_url=\u00bbhttps:\/\/cavashill.es\/es\/productes\/panot-gaudi-gran-reserva\/\u00bb global_colors_info=\u00bb{}\u00bb][et_pb_image src=\u00bbhttps:\/\/cavashill.es\/wp-content\/uploads\/2024\/07\/Cavas-Hill-Panot-Gaudi-Gran-Reserva.png\u00bb title_text=\u00bbCavas Hill Panot Gaud\u00ed Gran Reserva\u00bb url=\u00bbhttps:\/\/cavashill.es\/es\/productes\/panot-gaudi-gran-reserva\/\u00bb show_bottom_space=\u00bboff\u00bb _builder_version=\u00bb4.26.1&#8243; _module_preset=\u00bbdefault\u00bb global_colors_info=\u00bb{}\u00bb][\/et_pb_image][et_pb_text _builder_version=\u00bb4.16&#8243; _module_preset=\u00bbdefault\u00bb text_font=\u00bbPoppins|300|||||||\u00bb text_text_color=\u00bb#000000&#8243; text_font_size=\u00bb16px\u00bb custom_margin=\u00bb20px||||false|false\u00bb global_colors_info=\u00bb{}\u00bb]<\/p>\n<p style=\"text-align: center;\"><span>PANOT GAUD\u00cd GRAN RESERVA<\/span><\/p>\n<p>[\/et_pb_text][\/et_pb_column][et_pb_column type=\u00bb1_4&#8243; _builder_version=\u00bb4.16&#8243; _module_preset=\u00bbdefault\u00bb link_option_url=\u00bbhttps:\/\/cavashill.es\/es\/productes\/panot-gaudi-brut-reserva\/\u00bb global_colors_info=\u00bb{}\u00bb][et_pb_image src=\u00bbhttps:\/\/cavashill.es\/wp-content\/uploads\/2024\/07\/Cavas-Hill-Panot-Gaudi-Brut-Reserva.png\u00bb title_text=\u00bbCavas Hill Panot Gaud\u00ed Brut Reserva\u00bb url=\u00bbhttps:\/\/cavashill.es\/es\/productes\/panot-gaudi-brut-reserva\/\u00bb show_bottom_space=\u00bboff\u00bb _builder_version=\u00bb4.26.1&#8243; _module_preset=\u00bbdefault\u00bb global_colors_info=\u00bb{}\u00bb][\/et_pb_image][et_pb_text _builder_version=\u00bb4.16&#8243; _module_preset=\u00bbdefault\u00bb text_font=\u00bbPoppins|300|||||||\u00bb text_text_color=\u00bb#000000&#8243; text_font_size=\u00bb16px\u00bb custom_margin=\u00bb20px||||false|false\u00bb global_colors_info=\u00bb{}\u00bb]<\/p>\n<p style=\"text-align: center;\"><span>PANOT GAUD\u00cd BRUT RESERVA<\/span><\/p>\n<p>[\/et_pb_text][\/et_pb_column][et_pb_column type=\u00bb1_4&#8243; _builder_version=\u00bb4.16&#8243; _module_preset=\u00bbdefault\u00bb link_option_url=\u00bbhttps:\/\/cavashill.es\/es\/productes\/panot-gaudi-brut-nature\/\u00bb global_colors_info=\u00bb{}\u00bb][et_pb_image src=\u00bbhttps:\/\/cavashill.es\/wp-content\/uploads\/2024\/07\/Cavas-Hill-Pannot-Gaudi-Brut-Nature.png\u00bb title_text=\u00bbCavas Hill Pannot Gaudi Brut Nature\u00bb url=\u00bbhttps:\/\/cavashill.es\/es\/productes\/panot-gaudi-brut-nature\/\u00bb show_bottom_space=\u00bboff\u00bb _builder_version=\u00bb4.26.1&#8243; _module_preset=\u00bbdefault\u00bb global_colors_info=\u00bb{}\u00bb][\/et_pb_image][et_pb_text _builder_version=\u00bb4.16&#8243; _module_preset=\u00bbdefault\u00bb text_font=\u00bbPoppins|300|||||||\u00bb text_text_color=\u00bb#000000&#8243; text_font_size=\u00bb16px\u00bb custom_margin=\u00bb20px||||false|false\u00bb global_colors_info=\u00bb{}\u00bb]<\/p>\n<p style=\"text-align: center;\"><span>PANOT GAUD\u00cd BRUT NATURE<\/span><\/p>\n<p>[\/et_pb_text][\/et_pb_column][et_pb_column type=\u00bb1_4&#8243; _builder_version=\u00bb4.16&#8243; _module_preset=\u00bbdefault\u00bb link_option_url=\u00bbhttps:\/\/cavashill.es\/es\/productes\/panot-gaudi-brut\/\u00bb global_colors_info=\u00bb{}\u00bb][et_pb_image src=\u00bbhttps:\/\/cavashill.es\/wp-content\/uploads\/2024\/07\/Cavas-Hill-Panot-Gaudi-Brut.png\u00bb title_text=\u00bbCavas Hill Panot Gaudi Brut\u00bb url=\u00bbhttps:\/\/cavashill.es\/es\/productes\/panot-gaudi-brut\/\u00bb show_bottom_space=\u00bboff\u00bb _builder_version=\u00bb4.26.1&#8243; _module_preset=\u00bbdefault\u00bb global_colors_info=\u00bb{}\u00bb][\/et_pb_image][et_pb_text _builder_version=\u00bb4.16&#8243; _module_preset=\u00bbdefault\u00bb text_font=\u00bbPoppins|300|||||||\u00bb text_text_color=\u00bb#000000&#8243; text_font_size=\u00bb16px\u00bb custom_margin=\u00bb20px||||false|false\u00bb global_colors_info=\u00bb{}\u00bb]<\/p>\n<p style=\"text-align: center;\"><span>PANOT GAUD\u00cd BRUT <\/span><\/p>\n<p>[\/et_pb_text][\/et_pb_column][\/et_pb_row][et_pb_row column_structure=\u00bb1_4,1_4,1_4,1_4&#8243; _builder_version=\u00bb4.16&#8243; _module_preset=\u00bbdefault\u00bb width=\u00bb90%\u00bb max_width=\u00bb90%\u00bb global_colors_info=\u00bb{}\u00bb][et_pb_column type=\u00bb1_4&#8243; _builder_version=\u00bb4.16&#8243; _module_preset=\u00bbdefault\u00bb link_option_url=\u00bbhttps:\/\/cavashill.es\/es\/productes\/panot-gaudi-pinot-noir-rose\/\u00bb global_colors_info=\u00bb{}\u00bb][et_pb_image src=\u00bbhttps:\/\/cavashill.es\/wp-content\/uploads\/2024\/07\/Cavas-Hill-Panot-Gaudi-Pinot-Noir.png\u00bb title_text=\u00bbCavas Hill Panot Gaud\u00ed Pinot Noir\u00bb url=\u00bbhttps:\/\/cavashill.es\/es\/productes\/panot-gaudi-pinot-noir-rose\/\u00bb show_bottom_space=\u00bboff\u00bb _builder_version=\u00bb4.26.1&#8243; _module_preset=\u00bbdefault\u00bb global_colors_info=\u00bb{}\u00bb][\/et_pb_image][et_pb_text _builder_version=\u00bb4.16&#8243; _module_preset=\u00bbdefault\u00bb text_font=\u00bbPoppins|300|||||||\u00bb text_text_color=\u00bb#000000&#8243; text_font_size=\u00bb16px\u00bb custom_margin=\u00bb20px||||false|false\u00bb global_colors_info=\u00bb{}\u00bb]<\/p>\n<p style=\"text-align: center;\"><span>PANOT GAUD\u00cd PINOT NOIR<\/span><\/p>\n<p>[\/et_pb_text][\/et_pb_column][et_pb_column type=\u00bb1_4&#8243; _builder_version=\u00bb4.16&#8243; _module_preset=\u00bbdefault\u00bb link_option_url=\u00bbhttps:\/\/cavashill.es\/es\/productes\/panot-gaudi-coral\/\u00bb global_colors_info=\u00bb{}\u00bb][et_pb_image src=\u00bbhttps:\/\/cavashill.es\/wp-content\/uploads\/2024\/07\/Cavas-Hill-Panot-Coral.png\u00bb title_text=\u00bbCavas Hill Panot Coral\u00bb url=\u00bbhttps:\/\/cavashill.es\/es\/productes\/panot-gaudi-coral\/\u00bb show_bottom_space=\u00bboff\u00bb _builder_version=\u00bb4.26.1&#8243; _module_preset=\u00bbdefault\u00bb global_colors_info=\u00bb{}\u00bb][\/et_pb_image][et_pb_text _builder_version=\u00bb4.16&#8243; _module_preset=\u00bbdefault\u00bb text_font=\u00bbPoppins|300|||||||\u00bb text_text_color=\u00bb#000000&#8243; text_font_size=\u00bb16px\u00bb custom_margin=\u00bb20px||||false|false\u00bb global_colors_info=\u00bb{}\u00bb]<\/p>\n<p style=\"text-align: center;\"><span>PANOT GAUD\u00cd CORAL<\/span><\/p>\n<p>[\/et_pb_text][\/et_pb_column][et_pb_column type=\u00bb1_4&#8243; _builder_version=\u00bb4.16&#8243; _module_preset=\u00bbdefault\u00bb global_colors_info=\u00bb{}\u00bb][\/et_pb_column][et_pb_column type=\u00bb1_4&#8243; _builder_version=\u00bb4.16&#8243; _module_preset=\u00bbdefault\u00bb global_colors_info=\u00bb{}\u00bb][\/et_pb_column][\/et_pb_row][\/et_pb_section][et_pb_section fb_built=\u00bb1&#8243; _builder_version=\u00bb4.16&#8243; _module_preset=\u00bbdefault\u00bb background_enable_color=\u00bboff\u00bb custom_padding=\u00bb40px||40px||true|\u00bb global_colors_info=\u00bb{}\u00bb][et_pb_row column_structure=\u00bb2_5,3_5&#8243; use_custom_gutter=\u00bbon\u00bb gutter_width=\u00bb2&#8243; _builder_version=\u00bb4.16&#8243; _module_preset=\u00bbdefault\u00bb width=\u00bb90%\u00bb max_width=\u00bb90%\u00bb global_colors_info=\u00bb{}\u00bb][et_pb_column type=\u00bb2_5&#8243; _builder_version=\u00bb4.16&#8243; _module_preset=\u00bbdefault\u00bb global_colors_info=\u00bb{}\u00bb][et_pb_text _builder_version=\u00bb4.16&#8243; _module_preset=\u00bbdefault\u00bb header_font=\u00bbPoppins|200||on|||||\u00bb header_text_color=\u00bb#000000&#8243; header_font_size=\u00bb5vh\u00bb positioning=\u00bbrelative\u00bb position_origin_a=\u00bbcenter_left\u00bb module_alignment=\u00bbright\u00bb custom_margin=\u00bb||0px||false|false\u00bb custom_padding=\u00bb||0px|0%|false|false\u00bb global_colors_info=\u00bb{}\u00bb]<\/p>\n<h1 style=\"text-align: center;\">LA BELLE \u00c9POQUE<\/h1>\n<h1 style=\"text-align: center;\">CUV\u00c9E 1887<\/h1>\n<p>[\/et_pb_text][\/et_pb_column][et_pb_column type=\u00bb3_5&#8243; _builder_version=\u00bb4.16&#8243; _module_preset=\u00bbdefault\u00bb global_colors_info=\u00bb{}\u00bb][et_pb_text _builder_version=\u00bb4.16&#8243; _module_preset=\u00bbdefault\u00bb text_font=\u00bb|300|||||||\u00bb text_text_color=\u00bb#000000&#8243; text_font_size=\u00bb16px\u00bb custom_margin=\u00bb|20px||20px|false|true\u00bb global_colors_info=\u00bb{}\u00bb]<\/p>\n<p style=\"text-align: justify;\">El positivismo, la expansi\u00f3n del conocimiento, la industria, el comercio y la capacidad de vivir el momento de la Belle \u00c9poque son primordiales en nuestra historia. A\u00f1os de m\u00e1xima expresi\u00f3n y superaci\u00f3n en los que salieron al mercado nuestros primeros espumosos. Con los Cuv\u00e9e 1887 queremos recordar aquellos a\u00f1os dorados en los que todo parec\u00eda posible. Desde entonces, la evoluci\u00f3n de nuestros cavas siempre ha ido acompa\u00f1ada del esp\u00edritu abierto, festivo y optimista de sus inicios.    <\/p>\n<p>[\/et_pb_text][\/et_pb_column][\/et_pb_row][et_pb_row column_structure=\u00bb1_4,1_4,1_4,1_4&#8243; _builder_version=\u00bb4.16&#8243; _module_preset=\u00bbdefault\u00bb width=\u00bb90%\u00bb max_width=\u00bb90%\u00bb global_colors_info=\u00bb{}\u00bb][et_pb_column type=\u00bb1_4&#8243; _builder_version=\u00bb4.16&#8243; _module_preset=\u00bbdefault\u00bb link_option_url=\u00bbhttps:\/\/cavashill.es\/es\/productes\/cuvee-1887-brut-nature\/\u00bb global_colors_info=\u00bb{}\u00bb][et_pb_image src=\u00bbhttps:\/\/cavashill.es\/wp-content\/uploads\/2024\/07\/Cavas-Hill-1887-Brut-Nature-Organic.png\u00bb title_text=\u00bbCavas Hill 1887 Brut Nature Organic\u00bb url=\u00bbhttps:\/\/cavashill.es\/es\/productes\/cuvee-1887-brut-nature\/\u00bb show_bottom_space=\u00bboff\u00bb _builder_version=\u00bb4.26.1&#8243; _module_preset=\u00bbdefault\u00bb global_colors_info=\u00bb{}\u00bb][\/et_pb_image][et_pb_text _builder_version=\u00bb4.22.2&#8243; _module_preset=\u00bbdefault\u00bb text_font=\u00bbPoppins|300|||||||\u00bb text_text_color=\u00bb#000000&#8243; text_font_size=\u00bb16px\u00bb custom_margin=\u00bb20px||||false|false\u00bb global_colors_info=\u00bb{}\u00bb]<\/p>\n<p style=\"text-align: center;\"><span>CUV\u00c9E 1887 BRUT NATURE ORGANIC<\/span><\/p>\n<p>[\/et_pb_text][\/et_pb_column][et_pb_column type=\u00bb1_4&#8243; _builder_version=\u00bb4.16&#8243; _module_preset=\u00bbdefault\u00bb link_option_url=\u00bbhttps:\/\/cavashill.es\/es\/productes\/cuvee-1887-brut\/\u00bb global_colors_info=\u00bb{}\u00bb][et_pb_image src=\u00bbhttps:\/\/cavashill.es\/wp-content\/uploads\/2024\/07\/Cavas-Hill-1887-Brut.png\u00bb title_text=\u00bbCavas Hill 1887 Brut\u00bb url=\u00bbhttps:\/\/cavashill.es\/es\/productes\/cuvee-1887-brut\/\u00bb show_bottom_space=\u00bboff\u00bb _builder_version=\u00bb4.26.1&#8243; _module_preset=\u00bbdefault\u00bb global_colors_info=\u00bb{}\u00bb][\/et_pb_image][et_pb_text _builder_version=\u00bb4.22.2&#8243; _module_preset=\u00bbdefault\u00bb text_font=\u00bbPoppins|300|||||||\u00bb text_text_color=\u00bb#000000&#8243; text_font_size=\u00bb16px\u00bb custom_margin=\u00bb20px||||false|false\u00bb global_colors_info=\u00bb{}\u00bb]<\/p>\n<p style=\"text-align: center;\"><span>CUV\u00c9E 1887 BRUT ORGANIC<\/span><\/p>\n<p>[\/et_pb_text][\/et_pb_column][et_pb_column type=\u00bb1_4&#8243; _builder_version=\u00bb4.16&#8243; _module_preset=\u00bbdefault\u00bb link_option_url=\u00bbhttps:\/\/cavashill.es\/es\/productes\/cuvee-1887-brut-semi\/\u00bb global_colors_info=\u00bb{}\u00bb][et_pb_image src=\u00bbhttps:\/\/cavashill.es\/wp-content\/uploads\/2024\/07\/Cavas-Hill-1887-Semi-Seco.png\u00bb title_text=\u00bbCavas Hill 1887 Semi Seco\u00bb url=\u00bbhttps:\/\/cavashill.es\/es\/productes\/cuvee-1887-brut-semi\/\u00bb show_bottom_space=\u00bboff\u00bb _builder_version=\u00bb4.26.1&#8243; _module_preset=\u00bbdefault\u00bb global_colors_info=\u00bb{}\u00bb][\/et_pb_image][et_pb_text _builder_version=\u00bb4.16&#8243; _module_preset=\u00bbdefault\u00bb text_font=\u00bbPoppins|300|||||||\u00bb text_text_color=\u00bb#000000&#8243; text_font_size=\u00bb16px\u00bb custom_margin=\u00bb20px||||false|false\u00bb global_colors_info=\u00bb{}\u00bb]<\/p>\n<p style=\"text-align: center;\"><span>CUV\u00c9E 1887 SEMISEC<\/span><\/p>\n<p>[\/et_pb_text][\/et_pb_column][et_pb_column type=\u00bb1_4&#8243; _builder_version=\u00bb4.16&#8243; _module_preset=\u00bbdefault\u00bb link_option_url=\u00bbhttps:\/\/cavashill.es\/es\/productes\/cuvee-1887-brut-rosat\/\u00bb global_colors_info=\u00bb{}\u00bb][et_pb_image src=\u00bbhttps:\/\/cavashill.es\/wp-content\/uploads\/2024\/07\/Cavas-Hill-1887-Rose.png\u00bb title_text=\u00bbCavas Hill 1887 Ros\u00e9\u00bb url=\u00bbhttps:\/\/cavashill.es\/es\/productes\/cuvee-1887-brut-rosat\/\u00bb show_bottom_space=\u00bboff\u00bb _builder_version=\u00bb4.26.1&#8243; _module_preset=\u00bbdefault\u00bb global_colors_info=\u00bb{}\u00bb][\/et_pb_image][et_pb_text _builder_version=\u00bb4.16&#8243; _module_preset=\u00bbdefault\u00bb text_font=\u00bbPoppins|300|||||||\u00bb text_text_color=\u00bb#000000&#8243; text_font_size=\u00bb16px\u00bb custom_margin=\u00bb20px||||false|false\u00bb global_colors_info=\u00bb{}\u00bb]<\/p>\n<p style=\"text-align: center;\"><span>CUV\u00c9E 1887 ROS\u00c9<\/span><\/p>\n<p>[\/et_pb_text][\/et_pb_column][\/et_pb_row][\/et_pb_section][et_pb_section fb_built=\u00bb1&#8243; _builder_version=\u00bb4.16&#8243; _module_preset=\u00bbdefault\u00bb global_colors_info=\u00bb{}\u00bb][\/et_pb_section]<\/p>\n","protected":false},"excerpt":{"rendered":"<p>col\u00b7Lecci\u00f3 privadaUn cava para coleccionistas que s\u00f3lo se elabora en a\u00f1adas calificadas como excelentes y en una edici\u00f3n limitada de 3.000 botellas. Como la gran alegr\u00eda que es, viene en caja de madera de tres botellas. COL\u00b7LECCI\u00d3 PRIVADALOS MODERNISTAS PANOT GAUD\u00cdLa Sala Panot es la bodega originaria de Cavas Hill. Tiene el suelo vestido con [&hellip;]<\/p>\n","protected":false},"author":1,"featured_media":0,"parent":0,"menu_order":0,"comment_status":"closed","ping_status":"closed","template":"","meta":{"_acf_changed":false,"_et_pb_use_builder":"on","_et_pb_old_content":"","_et_gb_content_width":"","footnotes":""},"class_list":["post-377053","page","type-page","status-publish","hentry"],"acf":[],"yoast_head":"<!-- This site is optimized with the Yoast SEO plugin v26.7 - https:\/\/yoast.com\/wordpress\/plugins\/seo\/ -->\n<title>Nuestros cavas - Cavas Hill<\/title>\n<meta name=\"robots\" content=\"index, follow, max-snippet:-1, max-image-preview:large, max-video-preview:-1\" \/>\n<link rel=\"canonical\" href=\"https:\/\/cavashill.es\/els-nostres-caves\/\" \/>\n<meta property=\"og:locale\" content=\"es_ES\" \/>\n<meta property=\"og:type\" content=\"article\" \/>\n<meta property=\"og:title\" content=\"Nuestros cavas - Cavas Hill\" \/>\n<meta property=\"og:description\" content=\"col\u00b7Lecci\u00f3 privadaUn cava para coleccionistas que s\u00f3lo se elabora en a\u00f1adas calificadas como excelentes y en una edici\u00f3n limitada de 3.000 botellas. Como la gran alegr\u00eda que es, viene en caja de madera de tres botellas. COL\u00b7LECCI\u00d3 PRIVADALOS MODERNISTAS PANOT GAUD\u00cdLa Sala Panot es la bodega originaria de Cavas Hill. Tiene el suelo vestido con [&hellip;]\" \/>\n<meta property=\"og:url\" content=\"https:\/\/cavashill.es\/els-nostres-caves\/\" \/>\n<meta property=\"og:site_name\" content=\"Cavas Hill\" \/>\n<meta property=\"article:modified_time\" content=\"2024-07-16T08:55:59+00:00\" \/>\n<meta name=\"twitter:card\" content=\"summary_large_image\" \/>\n<meta name=\"twitter:label1\" content=\"Tiempo de lectura\" \/>\n\t<meta name=\"twitter:data1\" content=\"10 minutos\" \/>\n<script type=\"application\/ld+json\" class=\"yoast-schema-graph\">{\"@context\":\"https:\/\/schema.org\",\"@graph\":[{\"@type\":\"WebPage\",\"@id\":\"https:\/\/cavashill.es\/els-nostres-caves\/\",\"url\":\"https:\/\/cavashill.es\/els-nostres-caves\/\",\"name\":\"Nuestros cavas - Cavas Hill\",\"isPartOf\":{\"@id\":\"https:\/\/cavashill.es\/#website\"},\"datePublished\":\"2022-06-02T11:36:19+00:00\",\"dateModified\":\"2024-07-16T08:55:59+00:00\",\"breadcrumb\":{\"@id\":\"https:\/\/cavashill.es\/els-nostres-caves\/#breadcrumb\"},\"inLanguage\":\"es\",\"potentialAction\":[{\"@type\":\"ReadAction\",\"target\":[\"https:\/\/cavashill.es\/els-nostres-caves\/\"]}]},{\"@type\":\"BreadcrumbList\",\"@id\":\"https:\/\/cavashill.es\/els-nostres-caves\/#breadcrumb\",\"itemListElement\":[{\"@type\":\"ListItem\",\"position\":1,\"name\":\"Inici\",\"item\":\"https:\/\/cavashill.es\/\"},{\"@type\":\"ListItem\",\"position\":2,\"name\":\"Nuestros cavas\"}]},{\"@type\":\"WebSite\",\"@id\":\"https:\/\/cavashill.es\/#website\",\"url\":\"https:\/\/cavashill.es\/\",\"name\":\"Cavas Hill\",\"description\":\"Bodega de Caves i vins\",\"potentialAction\":[{\"@type\":\"SearchAction\",\"target\":{\"@type\":\"EntryPoint\",\"urlTemplate\":\"https:\/\/cavashill.es\/?s={search_term_string}\"},\"query-input\":{\"@type\":\"PropertyValueSpecification\",\"valueRequired\":true,\"valueName\":\"search_term_string\"}}],\"inLanguage\":\"es\"}]}<\/script>\n<!-- \/ Yoast SEO plugin. -->","yoast_head_json":{"title":"Nuestros cavas - Cavas Hill","robots":{"index":"index","follow":"follow","max-snippet":"max-snippet:-1","max-image-preview":"max-image-preview:large","max-video-preview":"max-video-preview:-1"},"canonical":"https:\/\/cavashill.es\/els-nostres-caves\/","og_locale":"es_ES","og_type":"article","og_title":"Nuestros cavas - Cavas Hill","og_description":"col\u00b7Lecci\u00f3 privadaUn cava para coleccionistas que s\u00f3lo se elabora en a\u00f1adas calificadas como excelentes y en una edici\u00f3n limitada de 3.000 botellas. Como la gran alegr\u00eda que es, viene en caja de madera de tres botellas. COL\u00b7LECCI\u00d3 PRIVADALOS MODERNISTAS PANOT GAUD\u00cdLa Sala Panot es la bodega originaria de Cavas Hill. Tiene el suelo vestido con [&hellip;]","og_url":"https:\/\/cavashill.es\/els-nostres-caves\/","og_site_name":"Cavas Hill","article_modified_time":"2024-07-16T08:55:59+00:00","twitter_card":"summary_large_image","twitter_misc":{"Tiempo de lectura":"10 minutos"},"schema":{"@context":"https:\/\/schema.org","@graph":[{"@type":"WebPage","@id":"https:\/\/cavashill.es\/els-nostres-caves\/","url":"https:\/\/cavashill.es\/els-nostres-caves\/","name":"Nuestros cavas - Cavas Hill","isPartOf":{"@id":"https:\/\/cavashill.es\/#website"},"datePublished":"2022-06-02T11:36:19+00:00","dateModified":"2024-07-16T08:55:59+00:00","breadcrumb":{"@id":"https:\/\/cavashill.es\/els-nostres-caves\/#breadcrumb"},"inLanguage":"es","potentialAction":[{"@type":"ReadAction","target":["https:\/\/cavashill.es\/els-nostres-caves\/"]}]},{"@type":"BreadcrumbList","@id":"https:\/\/cavashill.es\/els-nostres-caves\/#breadcrumb","itemListElement":[{"@type":"ListItem","position":1,"name":"Inici","item":"https:\/\/cavashill.es\/"},{"@type":"ListItem","position":2,"name":"Nuestros cavas"}]},{"@type":"WebSite","@id":"https:\/\/cavashill.es\/#website","url":"https:\/\/cavashill.es\/","name":"Cavas Hill","description":"Bodega de Caves i vins","potentialAction":[{"@type":"SearchAction","target":{"@type":"EntryPoint","urlTemplate":"https:\/\/cavashill.es\/?s={search_term_string}"},"query-input":{"@type":"PropertyValueSpecification","valueRequired":true,"valueName":"search_term_string"}}],"inLanguage":"es"}]}},"_links":{"self":[{"href":"https:\/\/cavashill.es\/es\/wp-json\/wp\/v2\/pages\/377053","targetHints":{"allow":["GET"]}}],"collection":[{"href":"https:\/\/cavashill.es\/es\/wp-json\/wp\/v2\/pages"}],"about":[{"href":"https:\/\/cavashill.es\/es\/wp-json\/wp\/v2\/types\/page"}],"author":[{"embeddable":true,"href":"https:\/\/cavashill.es\/es\/wp-json\/wp\/v2\/users\/1"}],"replies":[{"embeddable":true,"href":"https:\/\/cavashill.es\/es\/wp-json\/wp\/v2\/comments?post=377053"}],"version-history":[{"count":19,"href":"https:\/\/cavashill.es\/es\/wp-json\/wp\/v2\/pages\/377053\/revisions"}],"predecessor-version":[{"id":379246,"href":"https:\/\/cavashill.es\/es\/wp-json\/wp\/v2\/pages\/377053\/revisions\/379246"}],"wp:attachment":[{"href":"https:\/\/cavashill.es\/es\/wp-json\/wp\/v2\/media?parent=377053"}],"curies":[{"name":"wp","href":"https:\/\/api.w.org\/{rel}","templated":true}]}}