{"id":391263,"date":"2025-04-30T06:43:09","date_gmt":"2025-04-30T06:43:09","guid":{"rendered":"https:\/\/cavashill.es\/bases-legales-de-participacion-en-la-promocion-sorteig-de-5-entrades-dobles-a-els-vespres-de-cavas-hill\/"},"modified":"2025-04-30T07:06:08","modified_gmt":"2025-04-30T07:06:08","slug":"bases-legales-de-participacion-en-la-promocion-sorteig-de-5-entrades-dobles-a-els-vespres-de-cavas-hill","status":"publish","type":"page","link":"https:\/\/cavashill.es\/es\/bases-legales-de-participacion-en-la-promocion-sorteig-de-5-entrades-dobles-a-els-vespres-de-cavas-hill\/","title":{"rendered":"BASES LEGALES DE PARTICIPACI\u00d3N EN LA PROMOCI\u00d3N \u201cSORTEIG DE 5 ENTRADES DOBLES a ELS VESPRES DE CAVAS HILL\u201d."},"content":{"rendered":"<p>[et_pb_section fb_built=\u00bb1&#8243; _builder_version=\u00bb4.27.4&#8243; _module_preset=\u00bbdefault\u00bb global_colors_info=\u00bb{}\u00bb][et_pb_row _builder_version=\u00bb4.27.4&#8243; _module_preset=\u00bbdefault\u00bb hover_enabled=\u00bb0&#8243; global_colors_info=\u00bb{}\u00bb custom_margin=\u00bb10%||||false|false\u00bb sticky_enabled=\u00bb0&#8243;][et_pb_column type=\u00bb4_4&#8243; _builder_version=\u00bb4.27.4&#8243; _module_preset=\u00bbdefault\u00bb global_colors_info=\u00bb{}\u00bb][et_pb_text _builder_version=\u00bb4.27.4&#8243; _module_preset=\u00bbdefault\u00bb global_colors_info=\u00bb{}\u00bb]<\/p>\n<p>1.- EMPRESA ORGANIZADORA DE LA PROMOCI\u00d3N La EMPRESA CAVAS J HILL, S.L, con domicilio en C\/ Bonavista, 2 \u2013 08734 Moja-Ol\u00e8rdola \u2013 Barcelona y n\u00famero identificativo B65725517, organiza con fines promocionales el \u201cSORTEIG DE 5 ENTRADES DOBLES a ELS VESPRES DE CAVAS HILL\u201d, (en adelante, \u201cla Promoci\u00f3n\u201d) a trav\u00e9s de Internet en el perfil de Instagram de vesprescavashill, exclusivo para usuarios residentes en Espa\u00f1a y mayores de edad de acuerdo con lo expuesto en las condiciones para participar.<\/p>\n<p>&nbsp;<\/p>\n<p>2.- FECHA DE INICIO Y FECHA DE FINALIZACI\u00d3N La Promoci\u00f3n comenzar\u00e1 el d\u00eda 28 de Abril del 2025, y terminar\u00e1 el d\u00eda 6 de mayo de 2025 a las 9 h.<\/p>\n<p>&nbsp;<\/p>\n<p>3.- REQUISITOS DE PARTICIPACI\u00d3N Y MEC\u00c1NICA DE LA PROMOCI\u00d3N Es importante remarcar que la participaci\u00f3n en el Concurso supone la aceptaci\u00f3n incondicional y el respeto de lo dispuesto en las presentes Bases Legales. Los requisitos de participaci\u00f3n son los siguientes: <\/p>\n<p>&#8211; Podr\u00e1n participar aquellas personas que residan en Espa\u00f1a y sean mayores de 18 a\u00f1os.<\/p>\n<p>&#8211; Los datos personales de los participantes deben ser ver\u00eddicos.<\/p>\n<p>&#8211; La mec\u00e1nica de la Promoci\u00f3n consiste en \u201cSORTEIG DE 5 ENTRADES DOBLES a ELS VESPRES DE CAVAS HILL\u201d.<\/p>\n<p>&#8211; Los premios ser\u00e1n: 5 entradas dobles, una entrada doble para cada ganador.<\/p>\n<p>&#8211; Los Participantes podr\u00e1n inscribirse tantas veces como deseen, siempre que lo hagan mencionando usuarios diferentes.<\/p>\n<p>&nbsp;<\/p>\n<p>4.- CONDICIONES DE LA PROMOCI\u00d3N y PREMIOS Se elegir\u00e1 5 ganadores v\u00eda sorteo el d\u00eda 6 de marzo de 2025. La selecci\u00f3n de los ganadores se har\u00e1 de forma aleatoria a trav\u00e9s de la plataforma de selecci\u00f3n de ganadores online. Esta plataforma garantiza la transparencia del resultado del sorteo y como prueba del mismo emite un certificado de validez para cada uno de sus sorteos. Los ganadores\/as obtendr\u00e1n como premio: 5 entradas dobles, una entrada doble para cada ganador.   <\/p>\n<p>El ganador o ganadora podr\u00e1 contactar con vesprescavashill durante el plazo de 48 horas a contar desde la fecha en que se anuncie en el perfil social de la marca.<\/p>\n<p>5.- LIMITACIONES Si fuese evidente que cualquiera de los participantes no cumpliese con los requisitos exigidos en las Bases, o los datos proporcionados para participar no fuesen v\u00e1lidos, su participaci\u00f3n se considerar\u00e1 nula y quedar\u00e1n autom\u00e1ticamente excluidos de la Promoci\u00f3n, perdiendo todo derecho sobre los premios otorgados en virtud de esta Promoci\u00f3n. No podr\u00e1n participar en la Promoci\u00f3n las siguientes personas: <\/p>\n<p>(i) los trabajadores por cuenta ajena empleados en cualquiera de las sociedades y otras entidades con personalidad jur\u00eddica vinculadas a CAVAS J HILL SL.<\/p>\n<p>otras entidades con personalidad jur\u00eddica vinculadas a CAVAS J HILL SL. <br \/>(ii) Cualquier otra persona f\u00edsica que haya participado directa o indirectamente en la organizaci\u00f3n de este Concurso o haya estado involucrada directa o indirectamente en su preparaci\u00f3n o desarrollo (agencia, proveedores, etc.).<\/p>\n<p>El premio entregado no ser\u00e1 transferible ni susceptible de cambios, alteraciones o compensaciones a petici\u00f3n de los Participantes, no pudiendo ser cambiado por cualquier otro producto o dinero. CAVAS J HILL SL se reserva el derecho, con previa comunicaci\u00f3n en forma legal, de efectuar cualquier cambio, suspender o ampliar esta Promoci\u00f3n. Correr\u00e1n a cuenta y cargo del ganador cualquier carga fiscal o tributaria que la aceptaci\u00f3n del premio pueda suponer, as\u00ed como cualquier otro gasto derivado de la promoci\u00f3n que no est\u00e9 expresamente asumido por CAVAS J HILL SL en las presentes Bases Legales. CAVAS J HILL SL se reserva, en caso de obligada necesidad, el derecho de sustituir el premio por otros de similares caracter\u00edsticas.   <\/p>\n<p>&nbsp;<\/p>\n<p>6.- PUBLICACI\u00d3N DE COMENTARIOS U OPINIONES No se permitir\u00e1n comentarios u opiniones cuyo contenido se considere inadecuado, que sean ofensivos, discriminatorios o que puedan vulnerar derechos de terceros. Tampoco se permitir\u00e1n comentarios contra un particular que vulneren los principios de derecho al honor, a la intimidad personal y familiar, y a la propia imagen. No nos responsabilizamos de los da\u00f1os ocasionados por los comentarios que hagan los participantes en la Promoci\u00f3n, y que en cualquier momento puedan herir la sensibilidad de otros participantes. Cualquier intento de impedir el buen desarrollo del Concurso sea por intervenci\u00f3n humana o mediante un aut\u00f3mata dar\u00e1 lugar a la descalificaci\u00f3n inmediata del participante anul\u00e1ndose su candidatura.   <\/p>\n<p>&nbsp;<\/p>\n<p>7.- FACEBOOK\/INSTAGRAM La promoci\u00f3n no est\u00e1 patrocinada, avalada, administrada ni asociada en modo alguno a Facebook\/Instagram, por tanto, los Participantes liberan a Facebook de toda responsabilidad por los eventuales da\u00f1os que se deriven de esta.<\/p>\n<p>&nbsp;<\/p>\n<p>8.- CAMBIOS Nos reservamos el derecho de modificar o ampliar estas bases promocionales, en la medida que no perjudique los derechos de los participantes en la Promoci\u00f3n.<\/p>\n<p>&nbsp;<\/p>\n<p>9.- LEGISLACI\u00d3N APLICABLE Y JURISDICCI\u00d3N Estas bases legales se regir\u00e1n de conformidad con la ley espa\u00f1ola. Ser\u00e1n competentes para resolver cualquier reclamaci\u00f3n o controversia que pueda plantearse con relaci\u00f3n a la validez, interpretaci\u00f3n o cumplimiento de estas bases. <\/p>\n<p>[\/et_pb_text][\/et_pb_column][\/et_pb_row][\/et_pb_section]<\/p>\n","protected":false},"excerpt":{"rendered":"<p>1.- EMPRESA ORGANIZADORA DE LA PROMOCI\u00d3N La EMPRESA CAVAS J HILL, S.L, con domicilio en C\/ Bonavista, 2 \u2013 08734 Moja-Ol\u00e8rdola \u2013 Barcelona y n\u00famero identificativo B65725517, organiza con fines promocionales el \u201cSORTEIG DE 5 ENTRADES DOBLES a ELS VESPRES DE CAVAS HILL\u201d, (en adelante, \u201cla Promoci\u00f3n\u201d) a trav\u00e9s de Internet en el perfil de [&hellip;]<\/p>\n","protected":false},"author":5,"featured_media":379338,"parent":0,"menu_order":0,"comment_status":"closed","ping_status":"closed","template":"","meta":{"_acf_changed":false,"_et_pb_use_builder":"on","_et_pb_old_content":"","_et_gb_content_width":"","footnotes":""},"class_list":["post-391263","page","type-page","status-publish","has-post-thumbnail","hentry"],"acf":[],"yoast_head":"<!-- This site is optimized with the Yoast SEO plugin v27.5 - https:\/\/yoast.com\/product\/yoast-seo-wordpress\/ -->\n<title>BASES LEGALES DE PARTICIPACI\u00d3N EN LA PROMOCI\u00d3N \u201cSORTEIG DE 5 ENTRADES DOBLES a ELS VESPRES DE CAVAS HILL\u201d. - Cavas Hill<\/title>\n<meta name=\"robots\" content=\"index, follow, max-snippet:-1, max-image-preview:large, max-video-preview:-1\" \/>\n<link rel=\"canonical\" href=\"https:\/\/cavashill.es\/es\/bases-legales-de-participacion-en-la-promocion-sorteig-de-5-entrades-dobles-a-els-vespres-de-cavas-hill\/\" \/>\n<meta property=\"og:locale\" content=\"es_ES\" \/>\n<meta property=\"og:type\" content=\"article\" \/>\n<meta property=\"og:title\" content=\"BASES LEGALES DE PARTICIPACI\u00d3N EN LA PROMOCI\u00d3N \u201cSORTEIG DE 5 ENTRADES DOBLES a ELS VESPRES DE CAVAS HILL\u201d. - Cavas Hill\" \/>\n<meta property=\"og:description\" content=\"1.- EMPRESA ORGANIZADORA DE LA PROMOCI\u00d3N La EMPRESA CAVAS J HILL, S.L, con domicilio en C\/ Bonavista, 2 \u2013 08734 Moja-Ol\u00e8rdola \u2013 Barcelona y n\u00famero identificativo B65725517, organiza con fines promocionales el \u201cSORTEIG DE 5 ENTRADES DOBLES a ELS VESPRES DE CAVAS HILL\u201d, (en adelante, \u201cla Promoci\u00f3n\u201d) a trav\u00e9s de Internet en el perfil de [&hellip;]\" \/>\n<meta property=\"og:url\" content=\"https:\/\/cavashill.es\/es\/bases-legales-de-participacion-en-la-promocion-sorteig-de-5-entrades-dobles-a-els-vespres-de-cavas-hill\/\" \/>\n<meta property=\"og:site_name\" content=\"Cavas Hill\" \/>\n<meta property=\"article:modified_time\" content=\"2025-04-30T07:06:08+00:00\" \/>\n<meta property=\"og:image\" content=\"https:\/\/cavashill.es\/wp-content\/uploads\/2025\/03\/ElsVespres_de_CavasHill_top_entrades_924X400px-5.png\" \/>\n\t<meta property=\"og:image:width\" content=\"438\" \/>\n\t<meta property=\"og:image:height\" content=\"318\" \/>\n\t<meta property=\"og:image:type\" content=\"image\/png\" \/>\n<meta name=\"twitter:card\" content=\"summary_large_image\" \/>\n<meta name=\"twitter:label1\" content=\"Tiempo de lectura\" \/>\n\t<meta name=\"twitter:data1\" content=\"5 minutos\" \/>\n<script type=\"application\/ld+json\" class=\"yoast-schema-graph\">{\"@context\":\"https:\\\/\\\/schema.org\",\"@graph\":[{\"@type\":\"WebPage\",\"@id\":\"https:\\\/\\\/cavashill.es\\\/es\\\/bases-legales-de-participacion-en-la-promocion-sorteig-de-5-entrades-dobles-a-els-vespres-de-cavas-hill\\\/\",\"url\":\"https:\\\/\\\/cavashill.es\\\/es\\\/bases-legales-de-participacion-en-la-promocion-sorteig-de-5-entrades-dobles-a-els-vespres-de-cavas-hill\\\/\",\"name\":\"BASES LEGALES DE PARTICIPACI\u00d3N EN LA PROMOCI\u00d3N \u201cSORTEIG DE 5 ENTRADES DOBLES a ELS VESPRES DE CAVAS HILL\u201d. - Cavas Hill\",\"isPartOf\":{\"@id\":\"https:\\\/\\\/cavashill.es\\\/#website\"},\"primaryImageOfPage\":{\"@id\":\"https:\\\/\\\/cavashill.es\\\/es\\\/bases-legales-de-participacion-en-la-promocion-sorteig-de-5-entrades-dobles-a-els-vespres-de-cavas-hill\\\/#primaryimage\"},\"image\":{\"@id\":\"https:\\\/\\\/cavashill.es\\\/es\\\/bases-legales-de-participacion-en-la-promocion-sorteig-de-5-entrades-dobles-a-els-vespres-de-cavas-hill\\\/#primaryimage\"},\"thumbnailUrl\":\"https:\\\/\\\/cavashill.es\\\/wp-content\\\/uploads\\\/2025\\\/03\\\/ElsVespres_de_CavasHill_top_entrades_924X400px-5.png\",\"datePublished\":\"2025-04-30T06:43:09+00:00\",\"dateModified\":\"2025-04-30T07:06:08+00:00\",\"breadcrumb\":{\"@id\":\"https:\\\/\\\/cavashill.es\\\/es\\\/bases-legales-de-participacion-en-la-promocion-sorteig-de-5-entrades-dobles-a-els-vespres-de-cavas-hill\\\/#breadcrumb\"},\"inLanguage\":\"es\",\"potentialAction\":[{\"@type\":\"ReadAction\",\"target\":[\"https:\\\/\\\/cavashill.es\\\/es\\\/bases-legales-de-participacion-en-la-promocion-sorteig-de-5-entrades-dobles-a-els-vespres-de-cavas-hill\\\/\"]}]},{\"@type\":\"ImageObject\",\"inLanguage\":\"es\",\"@id\":\"https:\\\/\\\/cavashill.es\\\/es\\\/bases-legales-de-participacion-en-la-promocion-sorteig-de-5-entrades-dobles-a-els-vespres-de-cavas-hill\\\/#primaryimage\",\"url\":\"https:\\\/\\\/cavashill.es\\\/wp-content\\\/uploads\\\/2025\\\/03\\\/ElsVespres_de_CavasHill_top_entrades_924X400px-5.png\",\"contentUrl\":\"https:\\\/\\\/cavashill.es\\\/wp-content\\\/uploads\\\/2025\\\/03\\\/ElsVespres_de_CavasHill_top_entrades_924X400px-5.png\",\"width\":438,\"height\":318},{\"@type\":\"BreadcrumbList\",\"@id\":\"https:\\\/\\\/cavashill.es\\\/es\\\/bases-legales-de-participacion-en-la-promocion-sorteig-de-5-entrades-dobles-a-els-vespres-de-cavas-hill\\\/#breadcrumb\",\"itemListElement\":[{\"@type\":\"ListItem\",\"position\":1,\"name\":\"Inici\",\"item\":\"https:\\\/\\\/cavashill.es\\\/\"},{\"@type\":\"ListItem\",\"position\":2,\"name\":\"BASES LEGALES DE PARTICIPACI\u00d3N EN LA PROMOCI\u00d3N \u201cSORTEIG DE 5 ENTRADES DOBLES a ELS VESPRES DE CAVAS HILL\u201d.\"}]},{\"@type\":\"WebSite\",\"@id\":\"https:\\\/\\\/cavashill.es\\\/#website\",\"url\":\"https:\\\/\\\/cavashill.es\\\/\",\"name\":\"Cavas Hill\",\"description\":\"Bodega de Caves i vins\",\"potentialAction\":[{\"@type\":\"SearchAction\",\"target\":{\"@type\":\"EntryPoint\",\"urlTemplate\":\"https:\\\/\\\/cavashill.es\\\/?s={search_term_string}\"},\"query-input\":{\"@type\":\"PropertyValueSpecification\",\"valueRequired\":true,\"valueName\":\"search_term_string\"}}],\"inLanguage\":\"es\"}]}<\/script>\n<!-- \/ Yoast SEO plugin. -->","yoast_head_json":{"title":"BASES LEGALES DE PARTICIPACI\u00d3N EN LA PROMOCI\u00d3N \u201cSORTEIG DE 5 ENTRADES DOBLES a ELS VESPRES DE CAVAS HILL\u201d. - Cavas Hill","robots":{"index":"index","follow":"follow","max-snippet":"max-snippet:-1","max-image-preview":"max-image-preview:large","max-video-preview":"max-video-preview:-1"},"canonical":"https:\/\/cavashill.es\/es\/bases-legales-de-participacion-en-la-promocion-sorteig-de-5-entrades-dobles-a-els-vespres-de-cavas-hill\/","og_locale":"es_ES","og_type":"article","og_title":"BASES LEGALES DE PARTICIPACI\u00d3N EN LA PROMOCI\u00d3N \u201cSORTEIG DE 5 ENTRADES DOBLES a ELS VESPRES DE CAVAS HILL\u201d. - Cavas Hill","og_description":"1.- EMPRESA ORGANIZADORA DE LA PROMOCI\u00d3N La EMPRESA CAVAS J HILL, S.L, con domicilio en C\/ Bonavista, 2 \u2013 08734 Moja-Ol\u00e8rdola \u2013 Barcelona y n\u00famero identificativo B65725517, organiza con fines promocionales el \u201cSORTEIG DE 5 ENTRADES DOBLES a ELS VESPRES DE CAVAS HILL\u201d, (en adelante, \u201cla Promoci\u00f3n\u201d) a trav\u00e9s de Internet en el perfil de [&hellip;]","og_url":"https:\/\/cavashill.es\/es\/bases-legales-de-participacion-en-la-promocion-sorteig-de-5-entrades-dobles-a-els-vespres-de-cavas-hill\/","og_site_name":"Cavas Hill","article_modified_time":"2025-04-30T07:06:08+00:00","og_image":[{"width":438,"height":318,"url":"https:\/\/cavashill.es\/wp-content\/uploads\/2025\/03\/ElsVespres_de_CavasHill_top_entrades_924X400px-5.png","type":"image\/png"}],"twitter_card":"summary_large_image","twitter_misc":{"Tiempo de lectura":"5 minutos"},"schema":{"@context":"https:\/\/schema.org","@graph":[{"@type":"WebPage","@id":"https:\/\/cavashill.es\/es\/bases-legales-de-participacion-en-la-promocion-sorteig-de-5-entrades-dobles-a-els-vespres-de-cavas-hill\/","url":"https:\/\/cavashill.es\/es\/bases-legales-de-participacion-en-la-promocion-sorteig-de-5-entrades-dobles-a-els-vespres-de-cavas-hill\/","name":"BASES LEGALES DE PARTICIPACI\u00d3N EN LA PROMOCI\u00d3N \u201cSORTEIG DE 5 ENTRADES DOBLES a ELS VESPRES DE CAVAS HILL\u201d. - Cavas Hill","isPartOf":{"@id":"https:\/\/cavashill.es\/#website"},"primaryImageOfPage":{"@id":"https:\/\/cavashill.es\/es\/bases-legales-de-participacion-en-la-promocion-sorteig-de-5-entrades-dobles-a-els-vespres-de-cavas-hill\/#primaryimage"},"image":{"@id":"https:\/\/cavashill.es\/es\/bases-legales-de-participacion-en-la-promocion-sorteig-de-5-entrades-dobles-a-els-vespres-de-cavas-hill\/#primaryimage"},"thumbnailUrl":"https:\/\/cavashill.es\/wp-content\/uploads\/2025\/03\/ElsVespres_de_CavasHill_top_entrades_924X400px-5.png","datePublished":"2025-04-30T06:43:09+00:00","dateModified":"2025-04-30T07:06:08+00:00","breadcrumb":{"@id":"https:\/\/cavashill.es\/es\/bases-legales-de-participacion-en-la-promocion-sorteig-de-5-entrades-dobles-a-els-vespres-de-cavas-hill\/#breadcrumb"},"inLanguage":"es","potentialAction":[{"@type":"ReadAction","target":["https:\/\/cavashill.es\/es\/bases-legales-de-participacion-en-la-promocion-sorteig-de-5-entrades-dobles-a-els-vespres-de-cavas-hill\/"]}]},{"@type":"ImageObject","inLanguage":"es","@id":"https:\/\/cavashill.es\/es\/bases-legales-de-participacion-en-la-promocion-sorteig-de-5-entrades-dobles-a-els-vespres-de-cavas-hill\/#primaryimage","url":"https:\/\/cavashill.es\/wp-content\/uploads\/2025\/03\/ElsVespres_de_CavasHill_top_entrades_924X400px-5.png","contentUrl":"https:\/\/cavashill.es\/wp-content\/uploads\/2025\/03\/ElsVespres_de_CavasHill_top_entrades_924X400px-5.png","width":438,"height":318},{"@type":"BreadcrumbList","@id":"https:\/\/cavashill.es\/es\/bases-legales-de-participacion-en-la-promocion-sorteig-de-5-entrades-dobles-a-els-vespres-de-cavas-hill\/#breadcrumb","itemListElement":[{"@type":"ListItem","position":1,"name":"Inici","item":"https:\/\/cavashill.es\/"},{"@type":"ListItem","position":2,"name":"BASES LEGALES DE PARTICIPACI\u00d3N EN LA PROMOCI\u00d3N \u201cSORTEIG DE 5 ENTRADES DOBLES a ELS VESPRES DE CAVAS HILL\u201d."}]},{"@type":"WebSite","@id":"https:\/\/cavashill.es\/#website","url":"https:\/\/cavashill.es\/","name":"Cavas Hill","description":"Bodega de Caves i vins","potentialAction":[{"@type":"SearchAction","target":{"@type":"EntryPoint","urlTemplate":"https:\/\/cavashill.es\/?s={search_term_string}"},"query-input":{"@type":"PropertyValueSpecification","valueRequired":true,"valueName":"search_term_string"}}],"inLanguage":"es"}]}},"_links":{"self":[{"href":"https:\/\/cavashill.es\/es\/wp-json\/wp\/v2\/pages\/391263","targetHints":{"allow":["GET"]}}],"collection":[{"href":"https:\/\/cavashill.es\/es\/wp-json\/wp\/v2\/pages"}],"about":[{"href":"https:\/\/cavashill.es\/es\/wp-json\/wp\/v2\/types\/page"}],"author":[{"embeddable":true,"href":"https:\/\/cavashill.es\/es\/wp-json\/wp\/v2\/users\/5"}],"replies":[{"embeddable":true,"href":"https:\/\/cavashill.es\/es\/wp-json\/wp\/v2\/comments?post=391263"}],"version-history":[{"count":2,"href":"https:\/\/cavashill.es\/es\/wp-json\/wp\/v2\/pages\/391263\/revisions"}],"predecessor-version":[{"id":391265,"href":"https:\/\/cavashill.es\/es\/wp-json\/wp\/v2\/pages\/391263\/revisions\/391265"}],"wp:featuredmedia":[{"embeddable":true,"href":"https:\/\/cavashill.es\/es\/wp-json\/wp\/v2\/media\/379338"}],"wp:attachment":[{"href":"https:\/\/cavashill.es\/es\/wp-json\/wp\/v2\/media?parent=391263"}],"curies":[{"name":"wp","href":"https:\/\/api.w.org\/{rel}","templated":true}]}}